
{"id":6340,"date":"2021-09-16T14:46:44","date_gmt":"2021-09-16T12:46:44","guid":{"rendered":"https:\/\/menwithskincare.com\/?post_type=product&#038;p=6340"},"modified":"2025-12-12T10:00:03","modified_gmt":"2025-12-12T08:00:03","slug":"body-lotion","status":"publish","type":"product","link":"https:\/\/menwithskincare.com\/sv\/produkt\/body-lotion\/","title":{"rendered":"BODY LOTION"},"content":{"rendered":"","protected":false},"excerpt":{"rendered":"<h5><span style=\"color: #000000;\">Fri Frakt P\u00e5 Alla K\u00f6p \u00d6ver 250kr<\/span><\/h5>\n<p><strong>MenWith Body Lotion &#8211; 200 ML &#8211; 6.76 <em>FL.OZ.<\/em><\/strong><\/p>\n<ul>\n<li>En behaglig lotion som mjukg\u00f6r och ger intensiv fukt till huden. Produkten \u00e4r l\u00e4tt att applicera, kladdar inte och tr\u00e4nger snabbt in i huden.<\/li>\n<li>Inneh\u00e5ller v\u00e5rdande och mjukg\u00f6rande sheasm\u00f6r tillsammans med n\u00e4rande vegetabiliska och naturliga oljor som hj\u00e4lper till att h\u00e5lla huden naturligt mjuk och smidig.<\/li>\n<li>En kombination av fuktbindande och n\u00e4rande \u00e4mnen och mineraler ger intensiv fukt till huden och h\u00e5ller den naturligt mjuk och smidig.<\/li>\n<li>100% veganska ingredienser och tillverkad med f\u00e4rska dofter av tall, ros, ciste labdanum, balsamgran med inslag av cedertr\u00e4 och b\u00e4rnsten.<\/li>\n<li>Anv\u00e4nder f\u00f6rpackning gjord av h\u00e5llbart framst\u00e4lld sockerr\u00f6r som g\u00f6r att du enkelt kan p\u00e5verka milj\u00f6n positivt.<\/li>\n<li>Alla produkter \u00e4r designade och tillverkade i Sverige.<\/li>\n<\/ul>\n<details>\n<summary>Ingredienser<\/summary>\n<div style=\"margin: 20px 15px 20px 15px; text-align: left;\">\n<p style=\"font-size: 12px;\">Aqua, Cetearyl Alcohol, C15-19 Alkane, Glycerin, Butyrospermum Parkii Butter, Caprylic\/Capric Triglyceride, Coco- Caprylate\/Caprate, Glyceryl Stearate, Phenoxyethanol, Parfum, Sodium Lauroyl Glutamate, Stearic Acid, Betaine, Caprylyl Glycol, Carbomer, Sodium Hydroxide, Allantoin, Tocopheryl Acetate, Magnesium Aspartate, Zinc Gluconate, Benzyl Alcohol, Geraniol, Copper Gluconate.<\/p>\n<\/div>\n<\/details>","protected":false},"featured_media":6803,"template":"","meta":{"_acf_changed":false},"product_cat":[205],"product_tag":[],"class_list":{"0":"post-6340","1":"product","2":"type-product","3":"status-publish","4":"has-post-thumbnail","6":"product_cat-body","8":"first","9":"outofstock","10":"taxable","11":"shipping-taxable","12":"purchasable","13":"product-type-simple","swatches":"rey-swatches","show_selected":""},"bundled_by":["6777","6780"],"bundle_stock_status":"outofstock","bundle_stock_quantity":0,"bundle_virtual":false,"bundle_layout":"","bundle_add_to_cart_form_location":"","bundle_editable_in_cart":false,"bundle_sold_individually_context":"","bundle_item_grouping":"","bundle_min_size":"","bundle_max_size":"","bundle_price":[],"bundled_items":[],"bundle_sell_ids":[],"acf":[],"_links":{"self":[{"href":"https:\/\/menwithskincare.com\/sv\/wp-json\/wp\/v2\/product\/6340","targetHints":{"allow":["GET"]}}],"collection":[{"href":"https:\/\/menwithskincare.com\/sv\/wp-json\/wp\/v2\/product"}],"about":[{"href":"https:\/\/menwithskincare.com\/sv\/wp-json\/wp\/v2\/types\/product"}],"version-history":[{"count":0,"href":"https:\/\/menwithskincare.com\/sv\/wp-json\/wp\/v2\/product\/6340\/revisions"}],"wp:featuredmedia":[{"embeddable":true,"href":"https:\/\/menwithskincare.com\/sv\/wp-json\/wp\/v2\/media\/6803"}],"wp:attachment":[{"href":"https:\/\/menwithskincare.com\/sv\/wp-json\/wp\/v2\/media?parent=6340"}],"wp:term":[{"taxonomy":"product_cat","embeddable":true,"href":"https:\/\/menwithskincare.com\/sv\/wp-json\/wp\/v2\/product_cat?post=6340"},{"taxonomy":"product_tag","embeddable":true,"href":"https:\/\/menwithskincare.com\/sv\/wp-json\/wp\/v2\/product_tag?post=6340"}],"curies":[{"name":"wp","href":"https:\/\/api.w.org\/{rel}","templated":true}]}}