
{"id":6339,"date":"2021-09-16T14:28:05","date_gmt":"2021-09-16T12:28:05","guid":{"rendered":"https:\/\/menwithskincare.com\/?post_type=product&#038;p=6339"},"modified":"2026-05-04T12:57:39","modified_gmt":"2026-05-04T10:57:39","slug":"fiber-wax","status":"publish","type":"product","link":"https:\/\/menwithskincare.com\/sv\/produkt\/fiber-wax\/","title":{"rendered":"FIBER WAX"},"content":{"rendered":"","protected":false},"excerpt":{"rendered":"<p><strong>MenWith Fiber Wax &#8211;\u00a0100 ML &#8211; 5.07 FL.OZ.<\/strong><\/p>\n<ul>\n<li>Ett kr\u00e4migt veganskt h\u00e5rvax med fibrer som ger b\u00e5de stabilitet och fixering av h\u00e5ret.<\/li>\n<li>Konsistensen p\u00e5 vaxet g\u00f6r det enkelt att forma en frisyr som ocks\u00e5 h\u00e5ller \u00f6ver tid och \u00e4ven att du kan forma om frisyren utan att anv\u00e4nda mer.<\/li>\n<li>Ger stark h\u00e5llfasthet i h\u00e5ret med medelh\u00f6g glans.<\/li>\n<li>L\u00e4tt att tv\u00e4tta ur h\u00e5ret med vanligt schampo.<\/li>\n<li>100% veganska ingredienser och tillverkad med f\u00e4rska dofter av tall, ros, ciste labdanum, balsamgran med inslag av cedertr\u00e4 och b\u00e4rnsten.<\/li>\n<li>Anv\u00e4nder f\u00f6rpackning gjord av h\u00e5llbart framst\u00e4lld sockerr\u00f6r som g\u00f6r att du enkelt kan p\u00e5verka milj\u00f6n positivt.<\/li>\n<li>Alla produkter \u00e4r designade och tillverkade i Sverige.<\/li>\n<\/ul>\n<details>\n<summary>Ingredienser<\/summary>\n<div style=\"margin: 20px 15px 20px 15px; text-align: left;\">\n<p style=\"font-size: 12px;\">Aqua, Petrolatum, Ceteareth-20, Glycerin, PEG-7 Glyceryl Cocoate, Paraffin, VP\/VA Copolymer, Helianthus Annuus Seed Cera, PVP, Polyquaternium-46, Phenoxyethanol, Parfum, Butyrospermum Parkii Butter, Ethylhexylglycerin, Caprylyl Glycol, Phenylpropanol, Propanediol, Benzyl Alcohol, Tocopherol, Ascorbyl Palmitate, Geraniol.<\/p>\n<\/div>\n<\/details>","protected":false},"featured_media":6805,"template":"","meta":{"_acf_changed":false},"product_cat":[203],"product_tag":[],"class_list":{"0":"post-6339","1":"product","2":"type-product","3":"status-publish","4":"has-post-thumbnail","6":"product_cat-hair","8":"first","9":"instock","10":"taxable","11":"shipping-taxable","12":"purchasable","13":"product-type-simple","swatches":"rey-swatches","show_selected":""},"bundled_by":["6777","6778"],"bundle_stock_status":"instock","bundle_stock_quantity":181,"bundle_virtual":false,"bundle_layout":"","bundle_add_to_cart_form_location":"","bundle_editable_in_cart":false,"bundle_sold_individually_context":"","bundle_item_grouping":"","bundle_min_size":"","bundle_max_size":"","bundle_price":[],"bundled_items":[],"bundle_sell_ids":[],"acf":[],"_links":{"self":[{"href":"https:\/\/menwithskincare.com\/sv\/wp-json\/wp\/v2\/product\/6339","targetHints":{"allow":["GET"]}}],"collection":[{"href":"https:\/\/menwithskincare.com\/sv\/wp-json\/wp\/v2\/product"}],"about":[{"href":"https:\/\/menwithskincare.com\/sv\/wp-json\/wp\/v2\/types\/product"}],"version-history":[{"count":0,"href":"https:\/\/menwithskincare.com\/sv\/wp-json\/wp\/v2\/product\/6339\/revisions"}],"wp:featuredmedia":[{"embeddable":true,"href":"https:\/\/menwithskincare.com\/sv\/wp-json\/wp\/v2\/media\/6805"}],"wp:attachment":[{"href":"https:\/\/menwithskincare.com\/sv\/wp-json\/wp\/v2\/media?parent=6339"}],"wp:term":[{"taxonomy":"product_cat","embeddable":true,"href":"https:\/\/menwithskincare.com\/sv\/wp-json\/wp\/v2\/product_cat?post=6339"},{"taxonomy":"product_tag","embeddable":true,"href":"https:\/\/menwithskincare.com\/sv\/wp-json\/wp\/v2\/product_tag?post=6339"}],"curies":[{"name":"wp","href":"https:\/\/api.w.org\/{rel}","templated":true}]}}