
{"id":6338,"date":"2021-09-16T14:16:48","date_gmt":"2021-09-16T12:16:48","guid":{"rendered":"https:\/\/menwithskincare.com\/?post_type=product&#038;p=6338"},"modified":"2026-04-12T22:24:23","modified_gmt":"2026-04-12T20:24:23","slug":"deodorant","status":"publish","type":"product","link":"https:\/\/menwithskincare.com\/sv\/produkt\/deodorant\/","title":{"rendered":"DEODORANT"},"content":{"rendered":"","protected":false},"excerpt":{"rendered":"<h5><strong>MenWith Skincare Deodorant &#8211; 50 ML &#8211; 1.69 FL.OZ.<\/strong><\/h5>\n<ul>\n<li>Anv\u00e4nder en kr\u00e4mbas som \u00e4r lugnande f\u00f6r huden och motverkar irritation \u2013 perfekt f\u00f6r k\u00e4nsliga armh\u00e5lor!<\/li>\n<li>Appliceras med en roll-on applikator f\u00f6r enkel anv\u00e4ndning<\/li>\n<li>Snabbtorkande formula f\u00f6r maximal komfort<\/li>\n<li>Utformad f\u00f6r att minimera vita fl\u00e4ckar och m\u00e4rken p\u00e5 kl\u00e4der<\/li>\n<li>Upp till 48 timmars skydd mot svett och lukt<\/li>\n<li>Tillverkad av 100% veganska ingredienser \u2013 som alltid!<\/li>\n<li>Alla produkter \u00e4r designade och tillverkade i Sverige.<\/li>\n<\/ul>\n<details>\n<summary>Ingredienser<\/summary>\n<div style=\"margin: 20px 15px 20px 15px; text-align: left;\">\n<p style=\"font-size: 12px;\">Aqua, Aluminum Chlorohydrate, PPG-15 Stearyl Ether, Steareth-2, Oleyl Erucate, Propanediol, Steareth-20, Parfum, Sodium Benzoate, Butyrospermum Parkii Butter, Allantoin, Benzyl Alcohol.<\/p>\n<\/div>\n<\/details>","protected":false},"featured_media":6804,"template":"","meta":{"_acf_changed":false},"product_cat":[205],"product_tag":[],"class_list":{"0":"post-6338","1":"product","2":"type-product","3":"status-publish","4":"has-post-thumbnail","6":"product_cat-body","8":"first","9":"instock","10":"taxable","11":"shipping-taxable","12":"purchasable","13":"product-type-simple","swatches":"rey-swatches","show_selected":""},"bundled_by":["3410","6777","6778","6780"],"bundle_stock_status":"instock","bundle_stock_quantity":118,"bundle_virtual":false,"bundle_layout":"","bundle_add_to_cart_form_location":"","bundle_editable_in_cart":false,"bundle_sold_individually_context":"","bundle_item_grouping":"","bundle_min_size":"","bundle_max_size":"","bundle_price":[],"bundled_items":[],"bundle_sell_ids":[],"acf":[],"_links":{"self":[{"href":"https:\/\/menwithskincare.com\/sv\/wp-json\/wp\/v2\/product\/6338","targetHints":{"allow":["GET"]}}],"collection":[{"href":"https:\/\/menwithskincare.com\/sv\/wp-json\/wp\/v2\/product"}],"about":[{"href":"https:\/\/menwithskincare.com\/sv\/wp-json\/wp\/v2\/types\/product"}],"version-history":[{"count":0,"href":"https:\/\/menwithskincare.com\/sv\/wp-json\/wp\/v2\/product\/6338\/revisions"}],"wp:featuredmedia":[{"embeddable":true,"href":"https:\/\/menwithskincare.com\/sv\/wp-json\/wp\/v2\/media\/6804"}],"wp:attachment":[{"href":"https:\/\/menwithskincare.com\/sv\/wp-json\/wp\/v2\/media?parent=6338"}],"wp:term":[{"taxonomy":"product_cat","embeddable":true,"href":"https:\/\/menwithskincare.com\/sv\/wp-json\/wp\/v2\/product_cat?post=6338"},{"taxonomy":"product_tag","embeddable":true,"href":"https:\/\/menwithskincare.com\/sv\/wp-json\/wp\/v2\/product_tag?post=6338"}],"curies":[{"name":"wp","href":"https:\/\/api.w.org\/{rel}","templated":true}]}}