
{"id":2981,"date":"2020-06-20T18:32:55","date_gmt":"2020-06-20T16:32:55","guid":{"rendered":"https:\/\/menwiths.wpengine.com\/?post_type=product&#038;p=2981"},"modified":"2026-05-12T08:29:16","modified_gmt":"2026-05-12T06:29:16","slug":"shampoo","status":"publish","type":"product","link":"https:\/\/menwithskincare.com\/sv\/produkt\/shampoo\/","title":{"rendered":"SHAMPOO"},"content":{"rendered":"","protected":false},"excerpt":{"rendered":"<p><strong>MenWith Shampoo &#8211; 300 ML &#8211; 10.14 FL.OZ.<\/strong><\/p>\n<ul>\n<li>Anpassad formel som ger dig r\u00e4tt mineraler, fuktgivande effekter och m\u00e5nga skyddande komponenter. Allt detta sammansatt s\u00e5 att du \u00e4ntligen kan g\u00f6ra positiva framsteg med din hud.<\/li>\n<li>100% veganska ingredienser och tillverkad med f\u00e4rska dofter av tall, ros, ciste labdanum, balsamgran med inslag av cedertr\u00e4 och b\u00e4rnsten.<\/li>\n<li>Anv\u00e4nder f\u00f6rpackning gjord av h\u00e5llbart framst\u00e4lld sockerr\u00f6r som g\u00f6r att du enkelt kan p\u00e5verka milj\u00f6n positivt och samtidigt f\u00f6rvandla din hud.<\/li>\n<li>Tar bort komplexitet s\u00e5 att du kan fokusera p\u00e5 att skapa en god vana till en mer h\u00e4lsosam hud.<\/li>\n<li>Alla produkter \u00e4r designade och tillverkade i Sverige.<\/li>\n<\/ul>\n<details>\n<summary>Ingredienser<\/summary>\n<div style=\"margin: 20px 15px 20px 15px; text-align: left;\">\n<p style=\"font-size: 12px;\">Aqua (Water), Sodium Lauroyl Sarcosinate, Cocamidopropyl Betaine, Glycerin, Parfum, Decyl Glucoside, Betaine, Citric Acid, Panthenol, Sodium Pca, Hydroxypropyl Guar Hydroxypropyltrimonium Chloride, Xanthan Gum, Sodium Benzoate, Trisodium Ethylenediamine Disuccinate, Tetrasodium Edta, Sodium Chloride, Sodium Lactate.<\/p>\n<\/div>\n<\/details>","protected":false},"featured_media":3915,"template":"","meta":{"_acf_changed":false},"product_cat":[203],"product_tag":[],"class_list":{"0":"post-2981","1":"product","2":"type-product","3":"status-publish","4":"has-post-thumbnail","6":"product_cat-hair","8":"first","9":"instock","10":"taxable","11":"shipping-taxable","12":"purchasable","13":"product-type-simple","swatches":"rey-swatches","show_selected":""},"bundled_by":["3492","3494","3410","3406","4312","6777","6778"],"bundle_stock_status":"instock","bundle_stock_quantity":44,"bundle_virtual":false,"bundle_layout":"","bundle_add_to_cart_form_location":"","bundle_editable_in_cart":false,"bundle_sold_individually_context":"","bundle_item_grouping":"","bundle_min_size":"","bundle_max_size":"","bundle_price":[],"bundled_items":[],"bundle_sell_ids":[],"acf":[],"_links":{"self":[{"href":"https:\/\/menwithskincare.com\/sv\/wp-json\/wp\/v2\/product\/2981","targetHints":{"allow":["GET"]}}],"collection":[{"href":"https:\/\/menwithskincare.com\/sv\/wp-json\/wp\/v2\/product"}],"about":[{"href":"https:\/\/menwithskincare.com\/sv\/wp-json\/wp\/v2\/types\/product"}],"version-history":[{"count":0,"href":"https:\/\/menwithskincare.com\/sv\/wp-json\/wp\/v2\/product\/2981\/revisions"}],"wp:featuredmedia":[{"embeddable":true,"href":"https:\/\/menwithskincare.com\/sv\/wp-json\/wp\/v2\/media\/3915"}],"wp:attachment":[{"href":"https:\/\/menwithskincare.com\/sv\/wp-json\/wp\/v2\/media?parent=2981"}],"wp:term":[{"taxonomy":"product_cat","embeddable":true,"href":"https:\/\/menwithskincare.com\/sv\/wp-json\/wp\/v2\/product_cat?post=2981"},{"taxonomy":"product_tag","embeddable":true,"href":"https:\/\/menwithskincare.com\/sv\/wp-json\/wp\/v2\/product_tag?post=2981"}],"curies":[{"name":"wp","href":"https:\/\/api.w.org\/{rel}","templated":true}]}}