
{"id":2978,"date":"2020-06-04T18:32:41","date_gmt":"2020-06-04T16:32:41","guid":{"rendered":"https:\/\/menwiths.wpengine.com\/?post_type=product&#038;p=2978"},"modified":"2026-04-02T18:38:44","modified_gmt":"2026-04-02T16:38:44","slug":"face-moisturizer","status":"publish","type":"product","link":"https:\/\/menwithskincare.com\/sv\/produkt\/face-moisturizer\/","title":{"rendered":"FACE MOISTURIZER"},"content":{"rendered":"","protected":false},"excerpt":{"rendered":"<p><strong>MenWith Face Moisturizer &#8211; 75 ML &#8211; 2.54 FL.OZ<\/strong><\/p>\n<ul>\n<li>MenWith Face Moisturizer \u00e4r en hudv\u00e5rdsgel, b\u00e5de med lugnande och st\u00e4rkande effekter som fungerar som en naturlig och vitaliserande vardagsbehandling.<\/li>\n<li>Anpassad formel som ger dig r\u00e4tt mineraler, fuktgivande effekter och m\u00e5nga skyddande komponenter. Allt detta sammansatt s\u00e5 att du \u00e4ntligen kan g\u00f6ra positiva framsteg med din hud.<\/li>\n<li>100% veganska ingredienser och tillverkad med f\u00e4rska dofter av tall, ros, ciste labdanum, balsamgran med inslag av cedertr\u00e4 och b\u00e4rnsten.<\/li>\n<li>Anv\u00e4nder f\u00f6rpackning gjord av h\u00e5llbart framst\u00e4lld sockerr\u00f6r som g\u00f6r att du enkelt kan p\u00e5verka milj\u00f6n positivt och samtidigt f\u00f6rvandla din hud.<\/li>\n<li>Tar bort komplexitet s\u00e5 att du kan fokusera p\u00e5 att skapa en god vana till en mer h\u00e4lsosam hud.<\/li>\n<li>Alla produkter \u00e4r designade och tillverkade i Sverige.<\/li>\n<\/ul>\n<details>\n<summary>Ingredienser<\/summary>\n<div style=\"margin: 20px 15px 20px 15px; text-align: left;\">\n<p style=\"font-size: 12px;\">Aqua (Water), Glycerin, Propanediol, Dicaprylyl Carbonate, Shea Butter Ethyl Esters, Hydroxyethyl Acrylate\/Sodium, Acryloyldimethyl Taurate Copoly-Mer, Betaine, Niacinamide, Inositol, Panthenol, Allantoin , Sodium Pca ,Tocopheryl Acetate , Acacia Senegal Gum, Xanthan Gum, Ethylhexylglycerin, Calcium Pca, Biosaccharide, Gum-1, Magnesium Aspartate, Phenoxyethanol, Parfum, Zinc Gluconate, Copper Gluconate.<\/p>\n<\/div>\n<\/details>","protected":false},"featured_media":3918,"template":"","meta":{"_acf_changed":false},"product_cat":[204],"product_tag":[],"class_list":{"0":"post-2978","1":"product","2":"type-product","3":"status-publish","4":"has-post-thumbnail","6":"product_cat-face","8":"first","9":"instock","10":"taxable","11":"shipping-taxable","12":"purchasable","13":"product-type-simple","swatches":"rey-swatches","show_selected":""},"bundled_by":["3494","3407","3410","4312","6777","6780"],"bundle_stock_status":"instock","bundle_stock_quantity":35,"bundle_virtual":false,"bundle_layout":"","bundle_add_to_cart_form_location":"","bundle_editable_in_cart":false,"bundle_sold_individually_context":"","bundle_item_grouping":"","bundle_min_size":"","bundle_max_size":"","bundle_price":[],"bundled_items":[],"bundle_sell_ids":[],"acf":[],"_links":{"self":[{"href":"https:\/\/menwithskincare.com\/sv\/wp-json\/wp\/v2\/product\/2978","targetHints":{"allow":["GET"]}}],"collection":[{"href":"https:\/\/menwithskincare.com\/sv\/wp-json\/wp\/v2\/product"}],"about":[{"href":"https:\/\/menwithskincare.com\/sv\/wp-json\/wp\/v2\/types\/product"}],"version-history":[{"count":0,"href":"https:\/\/menwithskincare.com\/sv\/wp-json\/wp\/v2\/product\/2978\/revisions"}],"wp:featuredmedia":[{"embeddable":true,"href":"https:\/\/menwithskincare.com\/sv\/wp-json\/wp\/v2\/media\/3918"}],"wp:attachment":[{"href":"https:\/\/menwithskincare.com\/sv\/wp-json\/wp\/v2\/media?parent=2978"}],"wp:term":[{"taxonomy":"product_cat","embeddable":true,"href":"https:\/\/menwithskincare.com\/sv\/wp-json\/wp\/v2\/product_cat?post=2978"},{"taxonomy":"product_tag","embeddable":true,"href":"https:\/\/menwithskincare.com\/sv\/wp-json\/wp\/v2\/product_tag?post=2978"}],"curies":[{"name":"wp","href":"https:\/\/api.w.org\/{rel}","templated":true}]}}