
{"id":494,"date":"2017-01-10T21:29:23","date_gmt":"2017-01-10T19:29:23","guid":{"rendered":"http:\/\/import.getbowtied.com\/shopkeeper-replica?page_id=494"},"modified":"2023-06-20T09:49:00","modified_gmt":"2023-06-20T07:49:00","slug":"about-us","status":"publish","type":"page","link":"https:\/\/menwithskincare.com\/sv\/about-us\/","title":{"rendered":"Om oss"},"content":{"rendered":"<div data-elementor-type=\"wp-page\" data-elementor-id=\"494\" class=\"elementor elementor-494\" data-elementor-post-type=\"page\">\n\t\t\t\t\t\t<section class=\"elementor-section elementor-top-section elementor-element elementor-element-c884666 rey-section-stretched elementor-section-full_width elementor-section-height-default elementor-section-height-default\" data-id=\"c884666\" data-element_type=\"section\" data-e-type=\"section\">\n\t\t\t\t\t\t<div class=\"elementor-container elementor-column-gap-default\">\n\t\t\t\t\t<div class=\"elementor-column elementor-col-100 elementor-top-column elementor-element elementor-element-534e2f3\" data-id=\"534e2f3\" data-element_type=\"column\" data-e-type=\"column\">\n\t\t\t<div class=\"elementor-column-wrap--534e2f3 elementor-widget-wrap elementor-element-populated\">\n\t\t\t\t\t\t<div class=\"elementor-element elementor-element-6f31433 elementor-widget elementor-widget-image\" data-id=\"6f31433\" data-element_type=\"widget\" data-e-type=\"widget\" data-widget_type=\"image.default\">\n\t\t\t\t<div class=\"elementor-widget-container\">\n\t\t\t\t\t\t\t\t\t\t\t\t\t\t\t<img fetchpriority=\"high\" decoding=\"async\" width=\"2476\" height=\"850\" src=\"https:\/\/menwithskincare.com\/wp-content\/uploads\/2021\/11\/menwith-banner-no-logo-v1.jpg.webp\" class=\"attachment-full size-full wp-image-6791\" alt=\"\" srcset=\"https:\/\/menwithskincare.com\/wp-content\/uploads\/2021\/11\/menwith-banner-no-logo-v1.jpg.webp 2476w, https:\/\/menwithskincare.com\/wp-content\/uploads\/2021\/11\/menwith-banner-no-logo-v1.jpg-300x103.webp 300w, https:\/\/menwithskincare.com\/wp-content\/uploads\/2021\/11\/menwith-banner-no-logo-v1.jpg-1024x352.webp 1024w, https:\/\/menwithskincare.com\/wp-content\/uploads\/2021\/11\/menwith-banner-no-logo-v1.jpg-768x264.webp 768w, https:\/\/menwithskincare.com\/wp-content\/uploads\/2021\/11\/menwith-banner-no-logo-v1.jpg-1536x527.webp 1536w, https:\/\/menwithskincare.com\/wp-content\/uploads\/2021\/11\/menwith-banner-no-logo-v1.jpg-2048x703.webp 2048w, https:\/\/menwithskincare.com\/wp-content\/uploads\/2021\/11\/menwith-banner-no-logo-v1.jpg-18x6.webp 18w, https:\/\/menwithskincare.com\/wp-content\/uploads\/2021\/11\/menwith-banner-no-logo-v1.jpg-920x316.webp 920w\" sizes=\"(max-width: 2476px) 100vw, 2476px\" \/>\t\t\t\t\t\t\t\t\t\t\t\t\t\t\t<\/div>\n\t\t\t\t<\/div>\n\t\t\t\t\t<\/div>\n\t\t<\/div>\n\t\t\t\t\t<\/div>\n\t\t<\/section>\n\t\t\t\t<section class=\"elementor-section elementor-top-section elementor-element elementor-element-824a8cf elementor-section-boxed elementor-section-height-default elementor-section-height-default\" data-id=\"824a8cf\" data-element_type=\"section\" data-e-type=\"section\">\n\t\t\t\t\t\t<div class=\"elementor-container elementor-column-gap-default\">\n\t\t\t\t\t<div class=\"elementor-column elementor-col-100 elementor-top-column elementor-element elementor-element-52408a4\" data-id=\"52408a4\" data-element_type=\"column\" data-e-type=\"column\">\n\t\t\t<div class=\"elementor-column-wrap--52408a4 elementor-widget-wrap elementor-element-populated\">\n\t\t\t\t\t\t<div class=\"elementor-element elementor-element-aaa828f elementor-widget elementor-widget-heading\" data-id=\"aaa828f\" data-element_type=\"widget\" data-e-type=\"widget\" data-widget_type=\"heading.default\">\n\t\t\t\t<div class=\"elementor-widget-container\">\n\t\t\t\t\t<h2 class=\"elementor-heading-title elementor-size-default\">OM OSS<\/h2>\t\t\t\t<\/div>\n\t\t\t\t<\/div>\n\t\t\t\t<div class=\"elementor-element elementor-element-d8b514b elementor-widget-divider--view-line elementor-widget elementor-widget-divider\" data-id=\"d8b514b\" data-element_type=\"widget\" data-e-type=\"widget\" data-widget_type=\"divider.default\">\n\t\t\t\t<div class=\"elementor-widget-container\">\n\t\t\t\t\t\t\t<div class=\"elementor-divider\">\n\t\t\t<span class=\"elementor-divider-separator\">\n\t\t\t\t\t\t<\/span>\n\t\t<\/div>\n\t\t\t\t\t\t<\/div>\n\t\t\t\t<\/div>\n\t\t\t\t\t<\/div>\n\t\t<\/div>\n\t\t\t\t\t<\/div>\n\t\t<\/section>\n\t\t\t\t<section class=\"elementor-section elementor-top-section elementor-element elementor-element-1aa8a0b2 rey-section-stretched elementor-section-boxed elementor-section-height-default elementor-section-height-default\" data-id=\"1aa8a0b2\" data-element_type=\"section\" data-e-type=\"section\">\n\t\t\t\t\t\t<div class=\"elementor-container elementor-column-gap-default\">\n\t\t\t\t\t<div class=\"elementor-column elementor-col-100 elementor-top-column elementor-element elementor-element-29a8d7c9\" data-id=\"29a8d7c9\" data-element_type=\"column\" data-e-type=\"column\">\n\t\t\t<div class=\"elementor-column-wrap--29a8d7c9 elementor-widget-wrap elementor-element-populated\">\n\t\t\t\t\t\t<div class=\"elementor-element elementor-element-5b1f497 elementor-view-default elementor-widget elementor-widget-icon\" data-id=\"5b1f497\" data-element_type=\"widget\" data-e-type=\"widget\" data-widget_type=\"icon.default\">\n\t\t\t\t<div class=\"elementor-widget-container\">\n\t\t\t\t\t\t\t<div class=\"elementor-icon-wrapper\">\n\t\t\t<div class=\"elementor-icon\">\n\t\t\t<i aria-hidden=\"true\" class=\"fas fa-quote-left\"><\/i>\t\t\t<\/div>\n\t\t<\/div>\n\t\t\t\t\t\t<\/div>\n\t\t\t\t<\/div>\n\t\t\t\t<div class=\"elementor-element elementor-element-2a859bb elementor-widget elementor-widget-heading\" data-id=\"2a859bb\" data-element_type=\"widget\" data-e-type=\"widget\" data-widget_type=\"heading.default\">\n\t\t\t\t<div class=\"elementor-widget-container\">\n\t\t\t\t\t<h2 class=\"elementor-heading-title elementor-size-default\">\"Den moderna mannen tar hand om sitt utseende och v\u00e4lbefinnande varje dag. Dessa produkter tillgodoser hans behov och \u00e4r s\u00e4rskilt utformade f\u00f6r manliga f\u00f6rh\u00e5llanden. Vi tror att det finns en stor m\u00f6jlighet att fylla en lucka genom att erbjuda h\u00f6gkvalitativa, veganska och h\u00e5llbara hud- och h\u00e5rprodukter till rimliga priser.\" <span class=\"elementor-heading-title elementor-size-default elementor-inline-editing pen\" data-elementor-setting-key=\"title\" data-pen-placeholder=\"Type Here...\" style=\"line-height: 1.5em;font-size: 17px;text-align: center;font-weight: normal\">\u2014 Erik Simmingsk\u00f6ld - Grundare av MenWith Skincare<\/span><\/h2>\t\t\t\t<\/div>\n\t\t\t\t<\/div>\n\t\t\t\t<div class=\"elementor-element elementor-element-111bc36 elementor-view-default elementor-widget elementor-widget-icon\" data-id=\"111bc36\" data-element_type=\"widget\" data-e-type=\"widget\" data-widget_type=\"icon.default\">\n\t\t\t\t<div class=\"elementor-widget-container\">\n\t\t\t\t\t\t\t<div class=\"elementor-icon-wrapper\">\n\t\t\t<div class=\"elementor-icon\">\n\t\t\t<i aria-hidden=\"true\" class=\"fas fa-quote-right\"><\/i>\t\t\t<\/div>\n\t\t<\/div>\n\t\t\t\t\t\t<\/div>\n\t\t\t\t<\/div>\n\t\t\t\t<div class=\"elementor-element elementor-element-2e3d60d elementor-widget elementor-widget-heading\" data-id=\"2e3d60d\" data-element_type=\"widget\" data-e-type=\"widget\" data-widget_type=\"heading.default\">\n\t\t\t\t<div class=\"elementor-widget-container\">\n\t\t\t\t\t<h2 class=\"elementor-heading-title elementor-size-default\">A Daily Companion - MenWith Skincare<\/h2>\t\t\t\t<\/div>\n\t\t\t\t<\/div>\n\t\t\t\t<div class=\"elementor-element elementor-element-34ddbdca elementor-widget elementor-widget-text-editor\" data-id=\"34ddbdca\" data-element_type=\"widget\" data-e-type=\"widget\" data-widget_type=\"text-editor.default\">\n\t\t\t\t<div class=\"elementor-widget-container\">\n\t\t\t\t\t\t\t\t\t<p><span style=\"color: #000000;\">MenWith started as lifestyle curator online almost one decade ago and has now grown to become an eco-system of platforms and products inspiring millions every day. The MenWith collective\u2019s vision is to curate lifestyle, and its ideals and sentiments, sharing it with our followers and growing by lifting them every day. MenWith has today more than 11 million followers with the biggest accounts @menwithclass and @menwithstreetstyle boasting millions followers respectively.<\/span><\/p><p><span style=\"color: #000000;\">MenWith, med huvudkontor i Sverige, \u00e4r privat\u00e4gt.<\/span><\/p>\t\t\t\t\t\t\t\t<\/div>\n\t\t\t\t<\/div>\n\t\t\t\t<div class=\"elementor-element elementor-element-0a04b00 elementor-widget elementor-widget-heading\" data-id=\"0a04b00\" data-element_type=\"widget\" data-e-type=\"widget\" data-widget_type=\"heading.default\">\n\t\t\t\t<div class=\"elementor-widget-container\">\n\t\t\t\t\t<h2 class=\"elementor-heading-title elementor-size-default\">MenWith's historia<\/h2>\t\t\t\t<\/div>\n\t\t\t\t<\/div>\n\t\t\t\t<div class=\"elementor-element elementor-element-34d3e04 elementor-widget elementor-widget-text-editor\" data-id=\"34d3e04\" data-element_type=\"widget\" data-e-type=\"widget\" data-widget_type=\"text-editor.default\">\n\t\t\t\t<div class=\"elementor-widget-container\">\n\t\t\t\t\t\t\t\t\t<p class=\"translation-block\">Efter n\u00e4stan ett <span style=\"text-decoration: underline\"> <em> decennium<\/em><\/span> av interaktion med miljontals m\u00e4n \u00f6ver hela v\u00e4rlden har MenWith samlat en djup f\u00f6rst\u00e5else f\u00f6r det manliga perspektivet.<\/p><p><span style=\"color: #000000;\">\u00a0MenWith \u00e4r oerh\u00f6rt stolt \u00f6ver att presentera ett nytt sortiment av hudv\u00e5rdsprodukter och h\u00e5rv\u00e5rdsprodukter helt anpassade till manliga f\u00f6rh\u00e5llanden.<\/span><\/p><p><span style=\"color: #000000;\">Serien kommer initialt att omfatta fyra produkter; Face Wash, Face Moisturizer, Shampoo och Shower Gel. Efter att ha lyssnat p\u00e5 MenWith\u2019s f\u00f6ljare och v\u00e4nner blev det klart att m\u00e4n m\u00e5nga g\u00e5nger n\u00f6jer sig med produkter som \u00e4r ol\u00e4mpliga f\u00f6r manlig hud och h\u00e5r. Till exempel beh\u00f6ver m\u00e4nnen s\u00e4llan tv\u00e4tta bort smink, men beh\u00f6ver regelbundet ta hand om nyrakad hud samt \u00e5terfukta b\u00e5de hud och sk\u00e4gg.<\/span><\/p><p><span style=\"color: #000000;\">Produkterna \u00e4r tillr\u00e4ckligt milda f\u00f6r daglig anv\u00e4ndning men ger \u00e4nd\u00e5 r\u00e4tt mineraler, \u00e5terfuktande effekter och skyddande komponenter f\u00f6r att vara effektiva f\u00f6r huden. Doften av tall, rosor, labdanum, balsamgran och inslag av cedertr\u00e4 och b\u00e4rnstensmysk bidrar till produktens fr\u00e4scha upplevelse.<\/span><\/p><p class=\"translation-block\">Produkterna inneh\u00e5ller endast veganska ingredienser och f\u00f6rpackningen \u00e4r tillverkad av h\u00e5llbart framst\u00e4llt sockerr\u00f6r och \u00e4r helt \u00e5tervinningsbar.<\/p><p><span style=\"color: #000000;\">Alla produkter \u00e4r designade och tillverkade i Sverige.<\/span><\/p>\t\t\t\t\t\t\t\t<\/div>\n\t\t\t\t<\/div>\n\t\t\t\t\t<\/div>\n\t\t<\/div>\n\t\t\t\t\t<\/div>\n\t\t<\/section>\n\t\t\t\t<section class=\"elementor-section elementor-top-section elementor-element elementor-element-0f3c245 elementor-section-boxed elementor-section-height-default elementor-section-height-default\" data-id=\"0f3c245\" data-element_type=\"section\" data-e-type=\"section\">\n\t\t\t\t\t\t<div class=\"elementor-container elementor-column-gap-default\">\n\t\t\t\t\t<div class=\"elementor-column elementor-col-100 elementor-top-column elementor-element elementor-element-c872938\" data-id=\"c872938\" data-element_type=\"column\" data-e-type=\"column\">\n\t\t\t<div class=\"elementor-column-wrap--c872938 elementor-widget-wrap elementor-element-populated\">\n\t\t\t\t\t\t<div class=\"elementor-element elementor-element-bd59e54 elementor-widget__width-auto elementor-widget-mobile__width-auto elementor-view-default elementor-position-block-start elementor-mobile-position-block-start elementor-widget elementor-widget-icon-box\" data-id=\"bd59e54\" data-element_type=\"widget\" data-e-type=\"widget\" data-widget_type=\"icon-box.default\">\n\t\t\t\t<div class=\"elementor-widget-container\">\n\t\t\t\t\t\t\t<div class=\"elementor-icon-box-wrapper\">\n\n\t\t\t\t\t\t<div class=\"elementor-icon-box-icon\">\n\t\t\t\t<a href=\"https:\/\/www.instagram.com\/menwithskincare\" class=\"elementor-icon\" tabindex=\"-1\" aria-label=\"@MenWithSkincare\">\n\t\t\t\t<i aria-hidden=\"true\" class=\"fab fa-instagram\"><\/i>\t\t\t\t<\/a>\n\t\t\t<\/div>\n\t\t\t\n\t\t\t\t\t\t<div class=\"elementor-icon-box-content\">\n\n\t\t\t\t\t\t\t\t\t<h3 class=\"elementor-icon-box-title\">\n\t\t\t\t\t\t<a href=\"https:\/\/www.instagram.com\/menwithskincare\" >\n\t\t\t\t\t\t\t@MenWithSkincare\t\t\t\t\t\t<\/a>\n\t\t\t\t\t<\/h3>\n\t\t\t\t\n\t\t\t\t\n\t\t\t<\/div>\n\t\t\t\n\t\t<\/div>\n\t\t\t\t\t\t<\/div>\n\t\t\t\t<\/div>\n\t\t\t\t<div class=\"elementor-element elementor-element-854072e elementor-widget__width-auto elementor-view-default elementor-position-block-start elementor-mobile-position-block-start elementor-widget elementor-widget-icon-box\" data-id=\"854072e\" data-element_type=\"widget\" data-e-type=\"widget\" data-widget_type=\"icon-box.default\">\n\t\t\t\t<div class=\"elementor-widget-container\">\n\t\t\t\t\t\t\t<div class=\"elementor-icon-box-wrapper\">\n\n\t\t\t\t\t\t<div class=\"elementor-icon-box-icon\">\n\t\t\t\t<a href=\"https:\/\/www.instagram.com\/menwithclass\" class=\"elementor-icon\" tabindex=\"-1\" aria-label=\"@MenWithClass\">\n\t\t\t\t<i aria-hidden=\"true\" class=\"fab fa-instagram\"><\/i>\t\t\t\t<\/a>\n\t\t\t<\/div>\n\t\t\t\n\t\t\t\t\t\t<div class=\"elementor-icon-box-content\">\n\n\t\t\t\t\t\t\t\t\t<h3 class=\"elementor-icon-box-title\">\n\t\t\t\t\t\t<a href=\"https:\/\/www.instagram.com\/menwithclass\" >\n\t\t\t\t\t\t\t@MenWithClass\t\t\t\t\t\t<\/a>\n\t\t\t\t\t<\/h3>\n\t\t\t\t\n\t\t\t\t\n\t\t\t<\/div>\n\t\t\t\n\t\t<\/div>\n\t\t\t\t\t\t<\/div>\n\t\t\t\t<\/div>\n\t\t\t\t<div class=\"elementor-element elementor-element-2811395 elementor-widget__width-auto elementor-view-default elementor-position-block-start elementor-mobile-position-block-start elementor-widget elementor-widget-icon-box\" data-id=\"2811395\" data-element_type=\"widget\" data-e-type=\"widget\" data-widget_type=\"icon-box.default\">\n\t\t\t\t<div class=\"elementor-widget-container\">\n\t\t\t\t\t\t\t<div class=\"elementor-icon-box-wrapper\">\n\n\t\t\t\t\t\t<div class=\"elementor-icon-box-icon\">\n\t\t\t\t<a href=\"https:\/\/www.instagram.com\/menwithstreetstyle\" class=\"elementor-icon\" tabindex=\"-1\" aria-label=\"@MenWithStreetstyle\">\n\t\t\t\t<i aria-hidden=\"true\" class=\"fab fa-instagram\"><\/i>\t\t\t\t<\/a>\n\t\t\t<\/div>\n\t\t\t\n\t\t\t\t\t\t<div class=\"elementor-icon-box-content\">\n\n\t\t\t\t\t\t\t\t\t<h3 class=\"elementor-icon-box-title\">\n\t\t\t\t\t\t<a href=\"https:\/\/www.instagram.com\/menwithstreetstyle\" >\n\t\t\t\t\t\t\t@MenWithStreetstyle\t\t\t\t\t\t<\/a>\n\t\t\t\t\t<\/h3>\n\t\t\t\t\n\t\t\t\t\n\t\t\t<\/div>\n\t\t\t\n\t\t<\/div>\n\t\t\t\t\t\t<\/div>\n\t\t\t\t<\/div>\n\t\t\t\t\t<\/div>\n\t\t<\/div>\n\t\t\t\t\t<\/div>\n\t\t<\/section>\n\t\t\t\t<\/div>","protected":false},"excerpt":{"rendered":"<p>ABOUT US &#8220;For the modern man, taking care of one\u2019s appearance and wellbeing is something they do every day. These products cater to these men\u2019s need for products specifically designed to the male conditions. We think there is a wide open window of opportunity in offering high quality, vegan and sustainable skin and hair products [&hellip;]<\/p>\n","protected":false},"author":103,"featured_media":0,"parent":0,"menu_order":0,"comment_status":"closed","ping_status":"closed","template":"","meta":{"_acf_changed":false,"footnotes":""},"class_list":["post-494","page","type-page","status-publish","hentry"],"acf":[],"_links":{"self":[{"href":"https:\/\/menwithskincare.com\/sv\/wp-json\/wp\/v2\/pages\/494","targetHints":{"allow":["GET"]}}],"collection":[{"href":"https:\/\/menwithskincare.com\/sv\/wp-json\/wp\/v2\/pages"}],"about":[{"href":"https:\/\/menwithskincare.com\/sv\/wp-json\/wp\/v2\/types\/page"}],"author":[{"embeddable":true,"href":"https:\/\/menwithskincare.com\/sv\/wp-json\/wp\/v2\/users\/103"}],"replies":[{"embeddable":true,"href":"https:\/\/menwithskincare.com\/sv\/wp-json\/wp\/v2\/comments?post=494"}],"version-history":[{"count":0,"href":"https:\/\/menwithskincare.com\/sv\/wp-json\/wp\/v2\/pages\/494\/revisions"}],"wp:attachment":[{"href":"https:\/\/menwithskincare.com\/sv\/wp-json\/wp\/v2\/media?parent=494"}],"curies":[{"name":"wp","href":"https:\/\/api.w.org\/{rel}","templated":true}]}}