
{"id":6339,"date":"2021-09-16T14:28:05","date_gmt":"2021-09-16T12:28:05","guid":{"rendered":"https:\/\/menwithskincare.com\/?post_type=product&#038;p=6339"},"modified":"2026-03-16T00:23:26","modified_gmt":"2026-03-15T22:23:26","slug":"fiber-wax","status":"publish","type":"product","link":"https:\/\/menwithskincare.com\/de\/produkt\/fiber-wax\/","title":{"rendered":"FIBER WAX"},"content":{"rendered":"","protected":false},"excerpt":{"rendered":"<p><strong>MenWith Fiber Wax &#8211;\u00a0100 ML &#8211; 5.07 FL.OZ.<\/strong><\/p>\n<ul>\n<li>Ein cremiges veganes Haarwachs mit Fasern, das sowohl f\u00fcr Stabilit\u00e4t als auch f\u00fcr Fixierung des Haares sorgt.<\/li>\n<li>Die Konsistenz des Wachses macht es einfach, eine Frisur zu formen, die auch lange h\u00e4lt und Sie k\u00f6nnen die Frisur auch umformen, ohne mehr zu verwenden.<\/li>\n<li>Verleiht starken Halt und mittleren Glanz.<\/li>\n<li>Einfaches Auswaschen der Haare mit normalem Shampoo.<\/li>\n<li>100% vegan und hergestellt mit den frischen D\u00fcften von Kiefer, Rose, Ciste Labdanum, Balsamtanne, einem Hauch von Zedernholz und Ambra.<\/li>\n<li>Verwendet biosichere Verpackungen aus nachhaltig gewonnenem Zuckerrohr, mit denen Sie m\u00fchelos einen positiven Einfluss auf die Umwelt haben.<\/li>\n<li>Alle Produkte werden in Schweden entworfen und hergestellt.<\/li>\n<\/ul>\n<details>\n<summary>Zutaten<\/summary>\n<div style=\"margin: 20px 15px 20px 15px; text-align: left;\">\n<p style=\"font-size: 12px;\">Aqua, Petrolatum, Ceteareth-20, Glycerin, PEG-7 Glyceryl Cocoate, Paraffin, VP\/VA Copolymer, Helianthus Annuus Seed Cera, PVP, Polyquaternium-46, Phenoxyethanol, Parfum, Butyrospermum Parkii Butter, Ethylhexylglycerin, Caprylyl Glycol, Phenylpropanol, Propanediol, Benzyl Alcohol, Tocopherol, Ascorbyl Palmitate, Geraniol.<\/p>\n<\/div>\n<\/details>","protected":false},"featured_media":6805,"template":"","meta":{"_acf_changed":false},"product_cat":[203],"product_tag":[],"class_list":{"0":"post-6339","1":"product","2":"type-product","3":"status-publish","4":"has-post-thumbnail","6":"product_cat-hair","8":"first","9":"instock","10":"taxable","11":"shipping-taxable","12":"purchasable","13":"product-type-simple","swatches":"rey-swatches","show_selected":""},"bundled_by":["6777","6778"],"bundle_stock_status":"instock","bundle_stock_quantity":182,"bundle_virtual":false,"bundle_layout":"","bundle_add_to_cart_form_location":"","bundle_editable_in_cart":false,"bundle_sold_individually_context":"","bundle_item_grouping":"","bundle_min_size":"","bundle_max_size":"","bundle_price":[],"bundled_items":[],"bundle_sell_ids":[],"acf":[],"_links":{"self":[{"href":"https:\/\/menwithskincare.com\/de\/wp-json\/wp\/v2\/product\/6339","targetHints":{"allow":["GET"]}}],"collection":[{"href":"https:\/\/menwithskincare.com\/de\/wp-json\/wp\/v2\/product"}],"about":[{"href":"https:\/\/menwithskincare.com\/de\/wp-json\/wp\/v2\/types\/product"}],"version-history":[{"count":0,"href":"https:\/\/menwithskincare.com\/de\/wp-json\/wp\/v2\/product\/6339\/revisions"}],"wp:featuredmedia":[{"embeddable":true,"href":"https:\/\/menwithskincare.com\/de\/wp-json\/wp\/v2\/media\/6805"}],"wp:attachment":[{"href":"https:\/\/menwithskincare.com\/de\/wp-json\/wp\/v2\/media?parent=6339"}],"wp:term":[{"taxonomy":"product_cat","embeddable":true,"href":"https:\/\/menwithskincare.com\/de\/wp-json\/wp\/v2\/product_cat?post=6339"},{"taxonomy":"product_tag","embeddable":true,"href":"https:\/\/menwithskincare.com\/de\/wp-json\/wp\/v2\/product_tag?post=6339"}],"curies":[{"name":"wp","href":"https:\/\/api.w.org\/{rel}","templated":true}]}}