
{"id":2981,"date":"2020-06-20T18:32:55","date_gmt":"2020-06-20T16:32:55","guid":{"rendered":"https:\/\/menwiths.wpengine.com\/?post_type=product&#038;p=2981"},"modified":"2026-05-12T08:29:16","modified_gmt":"2026-05-12T06:29:16","slug":"shampoo","status":"publish","type":"product","link":"https:\/\/menwithskincare.com\/de\/produkt\/shampoo\/","title":{"rendered":"SHAMPOO"},"content":{"rendered":"","protected":false},"excerpt":{"rendered":"<p><strong>MenWith Shampoo &#8211; 300 ML &#8211; 10.14 FL.OZ.<\/strong><\/p>\n<ul>\n<li>Individuelle Formel, die Ihnen die richtigen Mineralien, feuchtigkeitsspendende Wirkung und viele sch\u00fctzende Elemente gibt. All das zusammen, damit Sie mit Ihrer Haut endlich positive Ergebnisse erzielen k\u00f6nnen.<\/li>\n<li>100% vegan und hergestellt mit den frischen D\u00fcften von Kiefer, Rose, Ciste Labdanum, Balsamtanne, einem Hauch von Zedernholz und Ambra.<\/li>\n<li>Verwendet biosichere Verpackungen aus nachhaltig gewonnenem Zuckerrohr, mit denen Sie m\u00fchelos einen positiven Einfluss auf die Umwelt haben und gleichzeitig Ihre Haut ver\u00e4ndern k\u00f6nnen.<\/li>\n<li>Entfernt Komplexit\u00e4t, sodass Sie sich darauf konzentrieren k\u00f6nnen, eine gute Gewohnheit f\u00fcr eine ges\u00fcndere Haut zu schaffen.<\/li>\n<li>Alle Produkte werden in Schweden entworfen und hergestellt.<\/li>\n<\/ul>\n<details>\n<summary>Zutaten<\/summary>\n<div style=\"margin: 20px 15px 20px 15px; text-align: left;\">\n<p style=\"font-size: 12px;\">Aqua (Water), Sodium Lauroyl Sarcosinate, Cocamidopropyl Betaine, Glycerin, Parfum, Decyl Glucoside, Betaine, Citric Acid, Panthenol, Sodium Pca, Hydroxypropyl Guar Hydroxypropyltrimonium Chloride, Xanthan Gum, Sodium Benzoate, Trisodium Ethylenediamine Disuccinate, Tetrasodium Edta, Sodium Chloride, Sodium Lactate.<\/p>\n<\/div>\n<\/details>","protected":false},"featured_media":3915,"template":"","meta":{"_acf_changed":false},"product_cat":[203],"product_tag":[],"class_list":{"0":"post-2981","1":"product","2":"type-product","3":"status-publish","4":"has-post-thumbnail","6":"product_cat-hair","8":"first","9":"instock","10":"taxable","11":"shipping-taxable","12":"purchasable","13":"product-type-simple","swatches":"rey-swatches","show_selected":""},"bundled_by":["3492","3494","3410","3406","4312","6777","6778"],"bundle_stock_status":"instock","bundle_stock_quantity":44,"bundle_virtual":false,"bundle_layout":"","bundle_add_to_cart_form_location":"","bundle_editable_in_cart":false,"bundle_sold_individually_context":"","bundle_item_grouping":"","bundle_min_size":"","bundle_max_size":"","bundle_price":[],"bundled_items":[],"bundle_sell_ids":[],"acf":[],"_links":{"self":[{"href":"https:\/\/menwithskincare.com\/de\/wp-json\/wp\/v2\/product\/2981","targetHints":{"allow":["GET"]}}],"collection":[{"href":"https:\/\/menwithskincare.com\/de\/wp-json\/wp\/v2\/product"}],"about":[{"href":"https:\/\/menwithskincare.com\/de\/wp-json\/wp\/v2\/types\/product"}],"version-history":[{"count":0,"href":"https:\/\/menwithskincare.com\/de\/wp-json\/wp\/v2\/product\/2981\/revisions"}],"wp:featuredmedia":[{"embeddable":true,"href":"https:\/\/menwithskincare.com\/de\/wp-json\/wp\/v2\/media\/3915"}],"wp:attachment":[{"href":"https:\/\/menwithskincare.com\/de\/wp-json\/wp\/v2\/media?parent=2981"}],"wp:term":[{"taxonomy":"product_cat","embeddable":true,"href":"https:\/\/menwithskincare.com\/de\/wp-json\/wp\/v2\/product_cat?post=2981"},{"taxonomy":"product_tag","embeddable":true,"href":"https:\/\/menwithskincare.com\/de\/wp-json\/wp\/v2\/product_tag?post=2981"}],"curies":[{"name":"wp","href":"https:\/\/api.w.org\/{rel}","templated":true}]}}