
{"id":2978,"date":"2020-06-04T18:32:41","date_gmt":"2020-06-04T16:32:41","guid":{"rendered":"https:\/\/menwiths.wpengine.com\/?post_type=product&#038;p=2978"},"modified":"2026-04-02T18:38:44","modified_gmt":"2026-04-02T16:38:44","slug":"face-moisturizer","status":"publish","type":"product","link":"https:\/\/menwithskincare.com\/de\/produkt\/face-moisturizer\/","title":{"rendered":"FACE MOISTURIZER"},"content":{"rendered":"","protected":false},"excerpt":{"rendered":"<p><strong>MenWith Face Moisturizer &#8211; 75 ML &#8211; 2.54 FL.OZ<\/strong><\/p>\n<ul>\n<li>Der MenWith Face Moisturizer ist ein Hautpflegegel mit beruhigender und st\u00e4rkender Wirkung, das als nat\u00fcrliche und vitalisierende Alltagsbehandlung dient.<\/li>\n<li>Individuelle Formel, die Ihnen die richtigen Mineralien, feuchtigkeitsspendende Wirkung und viele sch\u00fctzende Elemente gibt. All das zusammen, damit Sie mit Ihrer Haut endlich positive Ergebnisse erzielen k\u00f6nnen.<\/li>\n<li>100% vegan und hergestellt mit den frischen D\u00fcften von Kiefer, Rose, Ciste Labdanum, Balsamtanne, einem Hauch von Zedernholz und Ambra.<\/li>\n<li>Verwendet biosichere Verpackungen aus nachhaltig gewonnenem Zuckerrohr, mit denen Sie m\u00fchelos einen positiven Einfluss auf die Umwelt haben und gleichzeitig Ihre Haut ver\u00e4ndern k\u00f6nnen.<\/li>\n<li>Entfernt Komplexit\u00e4t, sodass Sie sich darauf konzentrieren k\u00f6nnen, eine gute Gewohnheit f\u00fcr eine ges\u00fcndere Haut zu schaffen.<\/li>\n<li>Alle Produkte werden in Schweden entworfen und hergestellt.<\/li>\n<\/ul>\n<details>\n<summary>Zutaten<\/summary>\n<div style=\"margin: 20px 15px 20px 15px; text-align: left;\">\n<p style=\"font-size: 12px;\">Aqua (Water), Glycerin, Propanediol, Dicaprylyl Carbonate, Shea Butter Ethyl Esters, Hydroxyethyl Acrylate\/Sodium, Acryloyldimethyl Taurate Copoly-Mer, Betaine, Niacinamide, Inositol, Panthenol, Allantoin , Sodium Pca ,Tocopheryl Acetate , Acacia Senegal Gum, Xanthan Gum, Ethylhexylglycerin, Calcium Pca, Biosaccharide, Gum-1, Magnesium Aspartate, Phenoxyethanol, Parfum, Zinc Gluconate, Copper Gluconate.<\/p>\n<\/div>\n<\/details>","protected":false},"featured_media":3918,"template":"","meta":{"_acf_changed":false},"product_cat":[204],"product_tag":[],"class_list":{"0":"post-2978","1":"product","2":"type-product","3":"status-publish","4":"has-post-thumbnail","6":"product_cat-face","8":"first","9":"instock","10":"taxable","11":"shipping-taxable","12":"purchasable","13":"product-type-simple","swatches":"rey-swatches","show_selected":""},"bundled_by":["3494","3407","3410","4312","6777","6780"],"bundle_stock_status":"instock","bundle_stock_quantity":35,"bundle_virtual":false,"bundle_layout":"","bundle_add_to_cart_form_location":"","bundle_editable_in_cart":false,"bundle_sold_individually_context":"","bundle_item_grouping":"","bundle_min_size":"","bundle_max_size":"","bundle_price":[],"bundled_items":[],"bundle_sell_ids":[],"acf":[],"_links":{"self":[{"href":"https:\/\/menwithskincare.com\/de\/wp-json\/wp\/v2\/product\/2978","targetHints":{"allow":["GET"]}}],"collection":[{"href":"https:\/\/menwithskincare.com\/de\/wp-json\/wp\/v2\/product"}],"about":[{"href":"https:\/\/menwithskincare.com\/de\/wp-json\/wp\/v2\/types\/product"}],"version-history":[{"count":0,"href":"https:\/\/menwithskincare.com\/de\/wp-json\/wp\/v2\/product\/2978\/revisions"}],"wp:featuredmedia":[{"embeddable":true,"href":"https:\/\/menwithskincare.com\/de\/wp-json\/wp\/v2\/media\/3918"}],"wp:attachment":[{"href":"https:\/\/menwithskincare.com\/de\/wp-json\/wp\/v2\/media?parent=2978"}],"wp:term":[{"taxonomy":"product_cat","embeddable":true,"href":"https:\/\/menwithskincare.com\/de\/wp-json\/wp\/v2\/product_cat?post=2978"},{"taxonomy":"product_tag","embeddable":true,"href":"https:\/\/menwithskincare.com\/de\/wp-json\/wp\/v2\/product_tag?post=2978"}],"curies":[{"name":"wp","href":"https:\/\/api.w.org\/{rel}","templated":true}]}}